{"id":831,"date":"2026-03-03T19:46:15","date_gmt":"2026-03-03T19:46:15","guid":{"rendered":"https:\/\/www.thomasnettoyage.fr\/?page_id=831"},"modified":"2026-03-03T19:46:52","modified_gmt":"2026-03-03T19:46:52","slug":"conditions-generales-de-ventes","status":"publish","type":"page","link":"https:\/\/www.thomasnettoyage.fr\/index.php\/conditions-generales-de-ventes\/","title":{"rendered":"Conditions G\u00e9n\u00e9rales de ventes"},"content":{"rendered":"<div  class=\"tatsu-iapanjo5edg09b9w tatsu-section  tatsu-bg-overlay   tatsu-clearfix\" data-title=\"\"  data-headerscheme=\"background--dark\"><div class='tatsu-section-pad clearfix' data-padding='{\"d\":\"90px 0px 90px 0px\"}' data-padding-top='90px'><div class=\"tatsu-row-wrap  tatsu-wrap tatsu-row-one-col tatsu-row-has-one-cols tatsu-medium-gutter tatsu-reg-cols  tatsu-clearfix tatsu-iapanjo5fhbx5ejq\" ><div  class=\"tatsu-row \" ><div  class=\"tatsu-column  tatsu-bg-overlay tatsu-one-col tatsu-column-image-none tatsu-column-effect-none  tatsu-iapanjo5gqe2i88s\"  data-parallax-speed=\"0\" style=\"\"><div class=\"tatsu-column-inner \" ><div class=\"tatsu-column-pad-wrap\"><div class=\"tatsu-column-pad\" ><div  class=\"tatsu-module tatsu-text-block-wrap tatsu-iapanjo5hs57x2q7  \"><div class=\"tatsu-text-inner tatsu-align-center  clearfix\" ><style>.tatsu-iapanjo5hs57x2q7.tatsu-text-block-wrap .tatsu-text-inner{width: 90%;text-align: left;}.tatsu-iapanjo5hs57x2q7.tatsu-text-block-wrap .tatsu-text-inner *{font-family : Arial, Helvetica, sans-serif;text-transform : none;font-size : 10px;line-height : 11px;}<\/style>\n<p class=\"p1\"><b>CONDITIONS GENERALES \u2013 THOMAS CONCIERGERIE ARTICLE 1 &#8211; Champ d\u2019application <\/b>Le Client est propri\u00e9taire d\u2019un ou plusieurs biens immobiliers, qu\u2019il propose \u00e0 la location sur la plateforme Airbnb. La SAS THOMAS CONCIERGERIE, immatricul\u00e9e au RCS de BORDEAUX sous le num\u00e9ro 927 898 676, ayant son si\u00e8ge social 17 rue de la ville de Miremont, 33000 BORDEAUX, ci-apr\u00e8s d\u00e9sign\u00e9e \u00ab le Prestataire \u00bb, d\u00e9veloppe une activit\u00e9 de conciergerie. Le Client a fait appel au Prestataire dans le but de lui confier des prestations relatives \u00e0 la gestion locative de son ou ses biens immobiliers (ci-apr\u00e8s : le Logement). Les Parties sont signataire d\u2019un devis, qui dresse la liste des biens confi\u00e9s au Prestataire, et fixe les tarifs applicables. Ce devis renvoie express\u00e9ment aux pr\u00e9sentes conditions g\u00e9n\u00e9rales, qui s&rsquo;appliquent sans restriction ni r\u00e9serve. Ces conditions g\u00e9n\u00e9rales sont express\u00e9ment agr\u00e9\u00e9es et accept\u00e9es par le Client, qui d\u00e9clare et reconna\u00eet en avoir une parfaite connaissance, et renonce, de ce fait, \u00e0 se pr\u00e9valoir de tout document contradictoire. Ces conditions g\u00e9n\u00e9rales pouvant faire l&rsquo;objet de modifications ult\u00e9rieures, la version applicable est celle en vigueur au jour de la signature du devis. <b>ARTICLE 2. Objet du contrat <\/b>Le Client confie au Prestataire la gestion locative, via la plateforme Airbnb, des biens immobiliers list\u00e9s au devis. Plus pr\u00e9cis\u00e9ment, le Client confie au Prestataire les prestations suivantes : &#8211; Cr\u00e9ation de l\u2019annonce, r\u00e9daction \/ prise de photos (en fonction du devis r\u00e9alis\u00e9). &#8211; Optimisation du calendrier, des prix. Gestion et mise \u00e0 jour de l\u2019annonce. &#8211; Mise \u00e0 disposition aux Voyageurs des cl\u00e9s du Logement (selon les modalit\u00e9s d\u00e9termin\u00e9es entre le Client et le Prestataire). &#8211; V\u00e9rification de l&rsquo;\u00e9tat du Logement : le Prestataire se charge de v\u00e9rifier l&rsquo;\u00e9tat du Logement apr\u00e8s la sortie des Voyageurs. Le Prestataire v\u00e9rifie que le Logement n\u2019a subi aucun dommage visible (une t\u00e2che importante, un \u00e9quipement endommag\u00e9, ou une vitre cass\u00e9e par exemple). Le Prestataire v\u00e9rifie \u00e9galement l\u2019\u00e9tat de fonctionnement des principaux \u00e9quipements du Logement. &#8211; M\u00e9nage et Intendance : le Prestataire r\u00e9alise le m\u00e9nage du Logement avant toute nouvelle occupation. Cette Prestation correspond \u00e0 un service de m\u00e9nage standard, et non un nettoyage visant \u00e0 l\u2019am\u00e9lioration de l\u2019\u00e9tat d\u2019origine du Logement. S\u2019il s\u2019av\u00e8re n\u00e9cessaire de r\u00e9aliser un m\u00e9nage plus complet, le Prestataire se r\u00e9serve la possibilit\u00e9 de facturer des frais suppl\u00e9mentaires au Client. &#8211; Blanchisserie, selon les conditions pr\u00e9cis\u00e9es au devis. &#8211; Communication : le Prestataire communique avec les Voyageurs durant toute la dur\u00e9e de leur s\u00e9jour. Il est pr\u00e9cis\u00e9 que le Prestataire n\u2019intervient qu\u2019en vue de fournir les prestations susvis\u00e9es, dans le cadre de son activit\u00e9 de conciergerie. Il n\u2019intervient pas dans la conclusion du contrat de location entre le Client et les Voyageurs. De m\u00eame, les parties reconnaissent que le pr\u00e9sent contrat n\u2019a pas vocation \u00e0 r\u00e9gir leur utilisation respective de la Plateforme Airbnb, ou toutes autres plateformes auxquelles les parties feraient appel, qui est soumise \u00e0 des conditions d\u2019utilisation sp\u00e9cifiques. <b>ARTICLE 3. <\/b>Ex\u00e9cution des prestations Le Client s&rsquo;engage \u00e0 coop\u00e9rer activement avec le Prestataire, et notamment \u00e0 lui fournir dans les meilleurs d\u00e9lais : &#8211; Toute information utile, exhaustive et exacte n\u00e9cessaire \u00e0 la r\u00e9alisation des prestations list\u00e9es \u00e0 l\u2019article 2 ; &#8211; Deux jeux de cl\u00e9s pour chaque Logement list\u00e9 au devis ; &#8211; Un acc\u00e8s facile au(x) Logement(s) le cas \u00e9ch\u00e9ant ; &#8211; le mat\u00e9riel n\u00e9cessaire \u00e0 un bon accueil des Voyageurs, selon les pr\u00e9conisations du Prestataire. Si, dans le cadre de la fourniture des Prestations, le Prestataire identifie que des Voyageurs ont caus\u00e9 des d\u00e9g\u00e2ts ou dommages au Logement, le Prestataire en informe le Client dans les meilleurs d\u00e9lais. Si, dans le cadre de la fourniture des Prestations, le Prestataire identifie que des travaux d\u2019entretien ou de r\u00e9paration sont n\u00e9cessaires, il en informe le Client qui effectuera lesdits travaux \u00e0 sa charge, soit par l\u2019interm\u00e9diaire d\u2019un prestataire choisi par ses soins, soit par l\u2019interm\u00e9diaire du Prestataire. Le Prestataire pourra sous-traiter la fourniture des Prestations au Prestataire de son choix. Dans ce cas, il demeurera seul responsable envers l\u2019Client de l\u2019ex\u00e9cution des Prestations sous- trait\u00e9es. <b>ARTICLE 4. Obligations du Client <\/b>Le Client d\u00e9clare et garantit qu&rsquo;il a la capacit\u00e9 de conclure le pr\u00e9sent contrat. Il fait son affaire personnelle du respect des obligations l\u00e9gales et r\u00e9glementaires attach\u00e9es \u00e0 la location du ou des Logements objets du contrat, et notamment de la r\u00e8glementation sur les locations meubl\u00e9es touristiques. Il s\u2019engage \u00e0 mettre \u00e0 la disposition du Prestataire tous les moyens et informations permettant la meilleure r\u00e9alisation possible des prestations et \u00e0 coop\u00e9rer avec lui, de bonne foi, pendant toute la dur\u00e9e du contrat. En outre, le Client : &#8211; garantit qu&rsquo;il dispose des droits lui permettant de louer le Logement objet du contrat, &#8211; s\u2019engage \u00e0 mettre \u00e0 la disposition des Voyageurs un Logement salubre et en bon \u00e9tat de fonctionnement, et \u00e0 le maintenir dans un bon \u00e9tat g\u00e9n\u00e9ral tout au long du contrat, &#8211; s\u2019engage \u00e0 signaler imm\u00e9diatement au Prestataire les \u00e9ventuelles modifications d&rsquo;acc\u00e8s au Logement (modification du code d\u2019acc\u00e8s notamment), &#8211; s\u2019interdit de communiquer directement avec les Voyageurs, et de prendre toute d\u00e9cision concernant les r\u00e9servations, et plus g\u00e9n\u00e9ralement s\u2019interdit toute immixtion dans les relations entre le Prestataire et les Voyageurs, &#8211; s\u2019interdit de d\u00e9sactiver l\u2019annonce du Logement, le Prestataire \u00e9tant seul habilit\u00e9 \u00e0 le faire, &#8211; d\u00e9clare qu\u2019il a souscrit une assurance habitation sur le Logement, couvrant les dommages caus\u00e9s par des tiers \u00e0 l\u2019occasion d\u2019une location, et s&rsquo;engage \u00e0 maintenir et \u00e0 payer les primes de ladite assurance tout au long du contrat, &#8211; garantit que le Logement est libre de toute proc\u00e9dure de saisie immobili\u00e8re, ou autre proc\u00e9dure pouvant avoir un impact sur la mise en location du Logement. La responsabilit\u00e9 du Prestataire ne pourra \u00eatre recherch\u00e9e en cas de d\u00e9clarations inexactes ou incompl\u00e8tes faites par le Client. <b>ARTICLE 5. Obligations du Prestataire <\/b>Le Prestataire met en oeuvre tous les moyens raisonnables et n\u00e9cessaires \u00e0 la bonne r\u00e9alisation des prestations ci-dessus d\u00e9finies. Il est seul \u00e0 d\u00e9cider de la gestion du calendrier, et \u00e0 pouvoir modifier les tarifs affich\u00e9s, et ce dans le but d\u2019optimiser les r\u00e9servations. <b>ARTICLE 6. D\u00e9penses urgentes <\/b>Le Client autorise le Prestataire \u00e0 engager des frais sans son accord pr\u00e9alable, jusqu\u2019\u00e0 300 \u20ac HT. Cette disposition concerne des d\u00e9penses urgentes et n\u00e9cessaires \u00e0 la bonne r\u00e9alisation du service d\u2019accueil des Voyageurs (ouverture de porte, pannes ou remplacement de mat\u00e9riel par exemple). Les frais engag\u00e9s seront refactur\u00e9s au Client. Si les frais \u00e0 engager d\u00e9passent cette somme, le Client s\u2019engage \u00e0 valider la d\u00e9pense sans d\u00e9lai, \u00e0 d\u00e9faut de quoi le Prestataire se r\u00e9serve le droit de suspendre son intervention. <b>ARTICLE 7. Conditions de r\u00e8glement <\/b>En contrepartie de la fourniture des Prestations objets du contrat, le Client s&rsquo;engage \u00e0 payer le prix, tel que d\u00e9fini sur le devis sign\u00e9, ainsi que des d\u00e9penses annexes li\u00e9es \u00e0 la location du Logement (fournitures d\u2019usage, produit d\u2019accueils et m\u00e9nager, blanchisserie). Toute prestation sollicit\u00e9e par le Client, non pr\u00e9vue au devis initial, fera l\u2019objet d\u2019une facturation compl\u00e9mentaire, sur devis pr\u00e9alablement accept\u00e9 par le Client. Le prix est exigible d\u00e8s la date de la r\u00e9servation. Le Prestataire est pay\u00e9 lors de la venue des Voyageurs. En fin de mois, il adresse sa facture au Client. Les factures du Prestataire sont pay\u00e9es par pr\u00e9l\u00e8vement sur les sommes pay\u00e9es par le Voyageur, ou \u00e0 d\u00e9faut \u00e0 r\u00e9ception de la facture. Toute somme non pay\u00e9e \u00e0 sa date d\u2019exigibilit\u00e9 produira de plein droit des int\u00e9r\u00eats de retard \u00e9quivalant au triple du taux d\u2019int\u00e9r\u00eat l\u00e9gal de l\u2019ann\u00e9e en cours, ainsi que le paiement d\u2019une somme forfaitaire de quarante euros au titre des frais de recouvrement. Les int\u00e9r\u00eats de retard sont capitalisables mensuellement sur le montant restant impay\u00e9 \u00e0 compter du jour de la facture et ce jusqu\u2019au r\u00e8glement complet de celle-ci ; tout mois commenc\u00e9 \u00e9tant consid\u00e9r\u00e9 comme \u00e9coul\u00e9 pour le calcul des int\u00e9r\u00eats. Ces int\u00e9r\u00eats courront sans mise en demeure pr\u00e9alable. En outre, le Prestataire se r\u00e9serve le droit, en cas de non-respect des conditions de paiement, de suspendre l&rsquo;ex\u00e9cution de ses obligations, sans pr\u00e9judice du droit de demander en outre l&rsquo;indemnisation du pr\u00e9judice subi. Toute diminution ou interruption momentan\u00e9e des possibilit\u00e9s pour le Prestataire d\u2019ex\u00e9cuter les Prestations, d\u00e9coulant d\u2019une cause ind\u00e9pendante de sa volont\u00e9, ne saurait exon\u00e9rer le Client du paiement des sommes dues au titre du contrat. <b>ARTICLE 8. Dur\u00e9e <\/b>Le Contrat est conclu pour une dur\u00e9e d\u2019un an, commen\u00e7ant \u00e0 courir \u00e0 la date de sa signature par les parties. A l\u2019issue de cette p\u00e9riode, il se renouvelle par tacite reconduction, sauf r\u00e9siliation par l\u2019une ou l\u2019autre des parties, par lettre recommand\u00e9e avec AR, moyennant le respect d\u2019un pr\u00e9avis de trois mois. Dans un tel cas, les commissions dues au Prestataire au titre des r\u00e9servations en cours \u00e0 la date de la r\u00e9siliation sont int\u00e9gralement dues, au titre du travail de prospection et de gestion des r\u00e9servations r\u00e9alis\u00e9 par le Prestataire en amont de la r\u00e9siliation. <b>ARTICLE 9. R\u00e9siliation 9.1. R\u00e9siliation \u00e0 l\u2019initiative du Client <\/b>En cas de r\u00e9siliation du contrat en violation des dispositions de l\u2019article 8, le Client sera redevable de l\u2019int\u00e9gralit\u00e9 des commissions dues au titre des r\u00e9servations en cours, des frais engag\u00e9s par le Prestataire, ainsi que d\u2019une indemnit\u00e9 forfaitaire de r\u00e9siliation de 1 200 \u20ac TTC. <b>9.2. R\u00e9siliation \u00e0 l\u2019initiative du Prestataire <\/b>Le contrat pourra \u00eatre r\u00e9solu par le Prestataire en cas de non-respect de ses obligations par le Client, et notamment dans les cas suivants : &#8211; non-paiement des sommes dues au titre du pr\u00e9sent contrat, &#8211; immixtion r\u00e9p\u00e9t\u00e9e dans ses relations avec les Voyageurs, Et ce sans que le Client puisse r\u00e9clamer une quelconque indemnit\u00e9 s\u2019agissant des cons\u00e9quences de la r\u00e9siliation. Il est express\u00e9ment entendu que cette r\u00e9solution pour manquement du Client \u00e0 ses obligations aura lieu de plein droit quinze jours apr\u00e8s la r\u00e9ception d&rsquo;une mise en demeure de s\u2019ex\u00e9cuter, rest\u00e9e, en tout ou partie, sans effet. La mise en demeure sera notifi\u00e9e par lettre recommand\u00e9e avec AR. Cette mise en demeure devra mentionner l&rsquo;intention d&rsquo;appliquer la pr\u00e9sente clause. La r\u00e9solution interviendra sans pr\u00e9judice de tous autres droits ou actions dont le Prestataire pourrait se pr\u00e9valoir \u00e0 l\u2019encontre du Client. <b>9.3. Cons\u00e9quences de la cessation du contrat <\/b>Le Prestataire est seul habilit\u00e9 \u00e0 d\u00e9sactiver l\u2019annonce. Le Prestataire s\u2019engage \u00e0 rendre au Client tous les jeux de cl\u00e9s qui ont \u00e9t\u00e9 mis \u00e0 sa disposition dans le cadre du contrat. Les cl\u00e9s seront remises \u00e0 l\u2019adresse du Logement, et sous r\u00e9serve du r\u00e8glement de l\u2019ensemble des sommes dues en vertu du pr\u00e9sent contrat. <b>ARTICLE 10. Responsabilit\u00e9 du Prestataire <\/b>Le Client demeure seul responsable du prix, de la dur\u00e9e, et de la r\u00e9currence \u00e9ventuelle de la location de son Logement. Le Prestataire ne peut \u00eatre tenu pour responsable en cas d&rsquo;absence de r\u00e9servation ou de location du Logement. De m\u00eame, il ne r\u00e9pond en aucun cas des Voyageurs, ni des \u00e9ventuelles d\u00e9gradations ou disparitions d&rsquo;objets survenus au cours d\u2019une location. La responsabilit\u00e9 du Prestataire ne peut \u00eatre engag\u00e9e qu\u2019en cas de faute ou de n\u00e9gligence fautive d\u00fbment prouv\u00e9e, et est limit\u00e9e aux pr\u00e9judices directs du Client, \u00e0 l&rsquo;exclusion de tout pr\u00e9judice indirect, de quelque nature que ce soit, notamment et sans que cette liste ne soit exhaustive : la perte d\u2019exploitation, la perte de r\u00e9servation, les pertes de b\u00e9n\u00e9fices, l\u2019atteinte \u00e0 l\u2019image. Le Prestataire ne pourra \u00eatre consid\u00e9r\u00e9 comme responsable pour tout retard ou inex\u00e9cution cons\u00e9cutif : &#8211; \u00e0 la survenance d&rsquo;un cas de force majeure, &#8211; \u00e0 une faute ou une n\u00e9gligence du Client. Il est rappel\u00e9 que le Client est seul responsable du respect des r\u00e9glementations sp\u00e9cifiques \u00e0 son activit\u00e9. En toute hypoth\u00e8se, la responsabilit\u00e9 du Prestataire est limit\u00e9e au montant HT des prestations effectivement pay\u00e9es par le Client dans le cadre de l\u2019ex\u00e9cution du contrat. <b>ARTICLE 11. Nullit\u00e9 partielle <\/b>La nullit\u00e9 d\u2019une clause des pr\u00e9sentes Conditions g\u00e9n\u00e9rales n\u2019entra\u00eene pas la nullit\u00e9 desdites conditions dans leur ensemble, qui resteront applicables pour le surplus et interpr\u00e9t\u00e9es selon l\u2019\u00e9conomie g\u00e9n\u00e9rale du contrat. <b>ARTICLE 12. Non-renonciation <\/b>Le fait pour l\u2019une ou l\u2019autre des parties de ne pas se pr\u00e9valoir de l\u2019un quelconque des droits r\u00e9sultant des pr\u00e9sentes Conditions g\u00e9n\u00e9rales, ne pourra pas \u00eatre interpr\u00e9t\u00e9 comme valant renonciation de sa part \u00e0 tout droit pr\u00e9vu par les pr\u00e9sentes. <b>ARTICLE 13. Loi applicable \u2010 Juridiction <\/b>Les relations contractuelles entre le Client et le Prestataire sont r\u00e9gies par le droit fran\u00e7ais. En cas de difficult\u00e9 n\u00e9e de l\u2019ex\u00e9cution, de l\u2019interpr\u00e9tation ou de la cessation du pr\u00e9sent contrat, les parties s\u2019engagent \u00e0 faire leurs meilleurs efforts pour parvenir \u00e0 un r\u00e8glement amiable du litige. A d\u00e9faut, le litige sera soumis aux juridictions comp\u00e9tentes du ressort du Logement lou\u00e9. <b>ARTICLE 14. Election de domicile <\/b>Pour les besoins des pr\u00e9sentes, les parties font \u00e9lection de domicile aux adresses indiqu\u00e9es au devis. Toute modification devra \u00eatre signifi\u00e9e \u00e0 l\u2019autre partie, par lettre recommand\u00e9e avec demande d\u2019avis de r\u00e9ception, afin de lui \u00eatre opposable.<span class=\"Apple-converted-space\">\u00a0<\/span><\/p>\n<\/div><\/div><\/div><\/div><div class = \"tatsu-column-bg-image-wrap\"><div class = \"tatsu-column-bg-image\" ><\/div><\/div><div class=\"tatsu-overlay tatsu-column-overlay tatsu-animate-none\" ><\/div><\/div><style>.tatsu-row > .tatsu-iapanjo5gqe2i88s.tatsu-column{width: 100%;}.tatsu-iapanjo5gqe2i88s.tatsu-column > .tatsu-column-inner > .tatsu-column-overlay{mix-blend-mode: normal;}.tatsu-iapanjo5gqe2i88s > .tatsu-column-inner > .tatsu-top-divider{z-index: 9999;}.tatsu-iapanjo5gqe2i88s > .tatsu-column-inner > .tatsu-bottom-divider{z-index: 9999;}.tatsu-iapanjo5gqe2i88s > .tatsu-column-inner > .tatsu-left-divider{z-index: 9999;}.tatsu-iapanjo5gqe2i88s > .tatsu-column-inner > .tatsu-right-divider{z-index: 9999;}<\/style><\/div><\/div><\/div><\/div><div class=\"tatsu-section-background-wrap\"><div class = \"tatsu-section-background\" ><\/div><\/div><div class=\"tatsu-overlay tatsu-section-overlay\"><\/div><style>.tatsu-iapanjo5edg09b9w .tatsu-section-pad{padding: 90px 0px 90px 0px;}.tatsu-iapanjo5edg09b9w > .tatsu-bottom-divider{z-index: 9999;}.tatsu-iapanjo5edg09b9w > .tatsu-top-divider{z-index: 9999;}.tatsu-iapanjo5edg09b9w .tatsu-section-overlay{mix-blend-mode: normal;}<\/style><\/div>\n","protected":false},"excerpt":{"rendered":"<p><a href=\"https:\/\/www.thomasnettoyage.fr\/index.php\/conditions-generales-de-ventes\/\" class=\"more-link style1-button\">Read More<\/a><\/p>","protected":false},"author":1,"featured_media":0,"parent":0,"menu_order":0,"comment_status":"closed","ping_status":"closed","template":"","meta":{"_seopress_robots_primary_cat":"","_seopress_titles_title":"","_seopress_titles_desc":"","_seopress_robots_index":"","footnotes":""},"class_list":["post-831","page","type-page","status-publish","hentry"],"_links":{"self":[{"href":"https:\/\/www.thomasnettoyage.fr\/index.php\/wp-json\/wp\/v2\/pages\/831","targetHints":{"allow":["GET"]}}],"collection":[{"href":"https:\/\/www.thomasnettoyage.fr\/index.php\/wp-json\/wp\/v2\/pages"}],"about":[{"href":"https:\/\/www.thomasnettoyage.fr\/index.php\/wp-json\/wp\/v2\/types\/page"}],"author":[{"embeddable":true,"href":"https:\/\/www.thomasnettoyage.fr\/index.php\/wp-json\/wp\/v2\/users\/1"}],"replies":[{"embeddable":true,"href":"https:\/\/www.thomasnettoyage.fr\/index.php\/wp-json\/wp\/v2\/comments?post=831"}],"version-history":[{"count":2,"href":"https:\/\/www.thomasnettoyage.fr\/index.php\/wp-json\/wp\/v2\/pages\/831\/revisions"}],"predecessor-version":[{"id":835,"href":"https:\/\/www.thomasnettoyage.fr\/index.php\/wp-json\/wp\/v2\/pages\/831\/revisions\/835"}],"wp:attachment":[{"href":"https:\/\/www.thomasnettoyage.fr\/index.php\/wp-json\/wp\/v2\/media?parent=831"}],"curies":[{"name":"wp","href":"https:\/\/api.w.org\/{rel}","templated":true}]}}